{"id":5297,"date":"2017-07-29T18:53:18","date_gmt":"2017-07-29T22:53:18","guid":{"rendered":"http:\/\/www.mycroppingclub.com\/members\/producto\/libro-de-bocetos-de-scrapbooking-2\/"},"modified":"2025-11-24T09:18:48","modified_gmt":"2025-11-24T14:18:48","slug":"libro-de-bocetos-ambos","status":"publish","type":"product","link":"https:\/\/www.mycroppingclub.com\/members\/producto\/libro-de-bocetos-ambos\/","title":{"rendered":"Paquete de Libros Digitales &#8211; Bocetos de Tarjetas y Scrapbooking con Obsequios"},"content":{"rendered":"<p>Este paquete contiene la combinaci\u00f3n de los siguiente productos, junto con sus obsequios, a un descuento muy especial por comprarlos juntos:<\/p>\n<ul>\n<li><a href=\"http:\/\/www.mycroppingclub.com\/members\/producto\/libro-de-bocetos-de-tarjetas\/\" target=\"_blank\" rel=\"noopener\">Libro de Bocetos de Tarjetas<\/a><\/li>\n<li><a href=\"http:\/\/www.mycroppingclub.com\/members\/producto\/libro-de-bocetos-de-scrapbooking\/\" target=\"_blank\" rel=\"noopener\">Libro de Bocetos de Scrapbooking<\/a><\/li>\n<\/ul>\n<p><strong>1. Tu Libro Digital de BOCETOS DE TARJETAS Incluye:<\/strong><\/p>\n<ul>\n<li>235 Bocetos de Tarjetas.<\/li>\n<li>76 Ejemplos de dise\u00f1os de tarjetas a todo color.<\/li>\n<li>50 Tarjetas con instrucciones paso a paso, f\u00e1ciles de seguir, para que tengas la confianza de saber que puedes crear cada dise\u00f1o con facilidad.<\/li>\n<\/ul>\n<p><strong>Recibes US$ 295 en OBSEQUIOS:<\/strong><\/p>\n<ul>\n<li>Libro Digital Gu\u00eda de Pegantes Para Tarjeter\u00eda.<\/li>\n<li>Libro Digital Gu\u00eda de Herramientas Para Tarjeter\u00eda.<\/li>\n<li>Libro Digital con 81 Frases Para Cumplea\u00f1os.<\/li>\n<li>Libro Digital con 209 Frases Para Navidad.<\/li>\n<li>Libro Digital con 101 Frases Para El D\u00eda de la Madre.<\/li>\n<li>Libro Digital con 388 Frases Para Quince A\u00f1os.<\/li>\n<li>Libro Digital con 233 Frases Para Bodas.<\/li>\n<li>Libro Digital con 226 Frases Para Primera Comuni\u00f3n.<\/li>\n<li>Libro Digital con 454 Frases Para el D\u00eda de los Enamorados.<\/li>\n<li>Libro Digital con 64 Frases Para Bautizo.<\/li>\n<li>Paquete Digital con 93 Papeles Con Dise\u00f1o.<\/li>\n<li>Paquete Digital 260 Elementos Para Decorar<\/li>\n<\/ul>\n<p><strong>2. Tu Libro Digital de BOCETOS DE SCRAPBOOKING Incluye:<\/strong><\/p>\n<ul>\n<li>Libro con 1.200 Bocetos de Scrapbooking..<\/li>\n<\/ul>\n<p><strong>Recibes US$ 263 en OBSEQUIOS:<\/strong><\/p>\n<ul>\n<li>Libro Digital Secretos Enriquecer Tu Scrapbooking.<\/li>\n<li>Paquete Digital con 68 Papeles Digitales con Dise\u00f1os.<\/li>\n<li>Paquete Digital con 217 Elementos para Decoraci\u00f3n de P\u00e1ginas.<\/li>\n<li>Paquete Digital con 88 Elementos para Apoyo.<\/li>\n<li>Paquete Digital de 2 Kits Completos con 159 Piezas.<\/li>\n<li>3 Videos de Bocetos.<\/li>\n<\/ul>\n<p><strong>3. Acceso y Actualizaciones de POR VIDA:<\/strong><\/p>\n<ul>\n<li>Si ACTUALIZAMOS el Libro de Bocetos&#8230;T\u00fa recibes la nueva versi\u00f3n Gratis!<\/li>\n<li>Si ACTUALIZACIOS los Obsequios&#8230;T\u00fa recibes la nueva versi\u00f3n Gratis!<\/li>\n<li>Si agregamos NUEVOS obsequios&#8230;T\u00fa los recibes Gratis!<\/li>\n<\/ul>\n","protected":false},"excerpt":{"rendered":"<p>Descubre los secretos para<strong> Crear Hermosas Tarjetas<\/strong> que ser\u00e1n atesoradas por tus seres queridos y envidiadas por expertas en tarjeter\u00eda. Ya no tienes que luchar m\u00e1s para tener inspiraci\u00f3n! Estar\u00e1s creando nuevas y excitantes ideas f\u00e1cil y r\u00e1pido&#8230;<strong>A\u00fan si nunca has hecho una tarjeta!<\/strong><\/p>\n<p>Descubre los secretos para hacer <strong>Dise\u00f1os de Paginas de Scrapbook<\/strong> r\u00e1pidamente sin mayor esfuerzo y que f\u00e1cilmente te encanten. Ya puedes dejar de dar vueltas en p\u00e1ginas vac\u00edas y comenzar a crear p\u00e1ginas con calidad de revista, que hasta quienes llevan mucho tiempo haciendo Scrapbooking envidiar\u00edan&#8230;<strong>A\u00fan si nunca has hecho Scrapbooking!<\/strong><\/p>\n","protected":false},"featured_media":5654,"template":"","meta":{"_et_pb_use_builder":"","_et_pb_old_content":"","_et_gb_content_width":""},"product_brand":[],"product_cat":[51],"product_tag":[],"class_list":{"0":"post-5297","1":"product","2":"type-product","3":"status-publish","4":"has-post-thumbnail","6":"product_cat-libros-digitales","8":"first","9":"instock","10":"sale","11":"virtual","12":"sold-individually","13":"purchasable","14":"product-type-simple"},"yoast_head":"<!-- This site is optimized with the Yoast SEO plugin v27.2 - https:\/\/yoast.com\/product\/yoast-seo-wordpress\/ -->\n<title>Paquete de Libros Digitales - Bocetos de Tarjetas y Scrapbooking con Obsequios - My Cropping Club - Members<\/title>\n<meta name=\"robots\" content=\"index, follow, max-snippet:-1, max-image-preview:large, max-video-preview:-1\" \/>\n<link rel=\"canonical\" href=\"https:\/\/www.mycroppingclub.com\/members\/producto\/libro-de-bocetos-ambos\/\" \/>\n<meta property=\"og:locale\" content=\"es_ES\" \/>\n<meta property=\"og:type\" content=\"article\" \/>\n<meta property=\"og:title\" content=\"Paquete de Libros Digitales - Bocetos de Tarjetas y Scrapbooking con Obsequios - My Cropping Club - Members\" \/>\n<meta property=\"og:description\" content=\"Descubre los secretos para Crear Hermosas Tarjetas que ser\u00e1n atesoradas por tus seres queridos y envidiadas por expertas en tarjeter\u00eda. Ya no tienes que luchar m\u00e1s para tener inspiraci\u00f3n! Estar\u00e1s creando nuevas y excitantes ideas f\u00e1cil y r\u00e1pido...A\u00fan si nunca has hecho una tarjeta!  Descubre los secretos para hacer Dise\u00f1os de Paginas de Scrapbook r\u00e1pidamente sin mayor esfuerzo y que f\u00e1cilmente te encanten. Ya puedes dejar de dar vueltas en p\u00e1ginas vac\u00edas y comenzar a crear p\u00e1ginas con calidad de revista, que hasta quienes llevan mucho tiempo haciendo Scrapbooking envidiar\u00edan...A\u00fan si nunca has hecho Scrapbooking!\" \/>\n<meta property=\"og:url\" content=\"https:\/\/www.mycroppingclub.com\/members\/producto\/libro-de-bocetos-ambos\/\" \/>\n<meta property=\"og:site_name\" content=\"My Cropping Club - Members\" \/>\n<meta property=\"article:modified_time\" content=\"2025-11-24T14:18:48+00:00\" \/>\n<meta property=\"og:image\" content=\"https:\/\/www.mycroppingclub.com\/members\/wp-content\/uploads\/BocetosAmbosResumen.jpg\" \/>\n\t<meta property=\"og:image:width\" content=\"1004\" \/>\n\t<meta property=\"og:image:height\" content=\"1077\" \/>\n\t<meta property=\"og:image:type\" content=\"image\/jpeg\" \/>\n<meta name=\"twitter:card\" content=\"summary_large_image\" \/>\n<meta name=\"twitter:label1\" content=\"Tiempo de lectura\" \/>\n\t<meta name=\"twitter:data1\" content=\"2 minutos\" \/>\n<script type=\"application\/ld+json\" class=\"yoast-schema-graph\">{\"@context\":\"https:\/\/schema.org\",\"@graph\":[{\"@type\":\"WebPage\",\"@id\":\"https:\/\/www.mycroppingclub.com\/members\/producto\/libro-de-bocetos-ambos\/\",\"url\":\"https:\/\/www.mycroppingclub.com\/members\/producto\/libro-de-bocetos-ambos\/\",\"name\":\"Paquete de Libros Digitales - Bocetos de Tarjetas y Scrapbooking con Obsequios - My Cropping Club - Members\",\"isPartOf\":{\"@id\":\"https:\/\/www.mycroppingclub.com\/members\/#website\"},\"primaryImageOfPage\":{\"@id\":\"https:\/\/www.mycroppingclub.com\/members\/producto\/libro-de-bocetos-ambos\/#primaryimage\"},\"image\":{\"@id\":\"https:\/\/www.mycroppingclub.com\/members\/producto\/libro-de-bocetos-ambos\/#primaryimage\"},\"thumbnailUrl\":\"https:\/\/www.mycroppingclub.com\/members\/wp-content\/uploads\/BocetosAmbosResumen.jpg\",\"datePublished\":\"2017-07-29T22:53:18+00:00\",\"dateModified\":\"2025-11-24T14:18:48+00:00\",\"breadcrumb\":{\"@id\":\"https:\/\/www.mycroppingclub.com\/members\/producto\/libro-de-bocetos-ambos\/#breadcrumb\"},\"inLanguage\":\"es\",\"potentialAction\":[{\"@type\":\"ReadAction\",\"target\":[\"https:\/\/www.mycroppingclub.com\/members\/producto\/libro-de-bocetos-ambos\/\"]}]},{\"@type\":\"ImageObject\",\"inLanguage\":\"es\",\"@id\":\"https:\/\/www.mycroppingclub.com\/members\/producto\/libro-de-bocetos-ambos\/#primaryimage\",\"url\":\"https:\/\/www.mycroppingclub.com\/members\/wp-content\/uploads\/BocetosAmbosResumen.jpg\",\"contentUrl\":\"https:\/\/www.mycroppingclub.com\/members\/wp-content\/uploads\/BocetosAmbosResumen.jpg\",\"width\":1004,\"height\":1077},{\"@type\":\"BreadcrumbList\",\"@id\":\"https:\/\/www.mycroppingclub.com\/members\/producto\/libro-de-bocetos-ambos\/#breadcrumb\",\"itemListElement\":[{\"@type\":\"ListItem\",\"position\":1,\"name\":\"Portada\",\"item\":\"https:\/\/www.mycroppingclub.com\/members\/\"},{\"@type\":\"ListItem\",\"position\":2,\"name\":\"Tienda\",\"item\":\"https:\/\/www.mycroppingclub.com\/members\/tienda\/\"},{\"@type\":\"ListItem\",\"position\":3,\"name\":\"Paquete de Libros Digitales &#8211; Bocetos de Tarjetas y Scrapbooking con Obsequios\"}]},{\"@type\":\"WebSite\",\"@id\":\"https:\/\/www.mycroppingclub.com\/members\/#website\",\"url\":\"https:\/\/www.mycroppingclub.com\/members\/\",\"name\":\"My Cropping Club - Members\",\"description\":\"\",\"potentialAction\":[{\"@type\":\"SearchAction\",\"target\":{\"@type\":\"EntryPoint\",\"urlTemplate\":\"https:\/\/www.mycroppingclub.com\/members\/?s={search_term_string}\"},\"query-input\":{\"@type\":\"PropertyValueSpecification\",\"valueRequired\":true,\"valueName\":\"search_term_string\"}}],\"inLanguage\":\"es\"}]}<\/script>\n<!-- \/ Yoast SEO plugin. -->","yoast_head_json":{"title":"Paquete de Libros Digitales - Bocetos de Tarjetas y Scrapbooking con Obsequios - My Cropping Club - Members","robots":{"index":"index","follow":"follow","max-snippet":"max-snippet:-1","max-image-preview":"max-image-preview:large","max-video-preview":"max-video-preview:-1"},"canonical":"https:\/\/www.mycroppingclub.com\/members\/producto\/libro-de-bocetos-ambos\/","og_locale":"es_ES","og_type":"article","og_title":"Paquete de Libros Digitales - Bocetos de Tarjetas y Scrapbooking con Obsequios - My Cropping Club - Members","og_description":"Descubre los secretos para Crear Hermosas Tarjetas que ser\u00e1n atesoradas por tus seres queridos y envidiadas por expertas en tarjeter\u00eda. Ya no tienes que luchar m\u00e1s para tener inspiraci\u00f3n! Estar\u00e1s creando nuevas y excitantes ideas f\u00e1cil y r\u00e1pido...A\u00fan si nunca has hecho una tarjeta!  Descubre los secretos para hacer Dise\u00f1os de Paginas de Scrapbook r\u00e1pidamente sin mayor esfuerzo y que f\u00e1cilmente te encanten. Ya puedes dejar de dar vueltas en p\u00e1ginas vac\u00edas y comenzar a crear p\u00e1ginas con calidad de revista, que hasta quienes llevan mucho tiempo haciendo Scrapbooking envidiar\u00edan...A\u00fan si nunca has hecho Scrapbooking!","og_url":"https:\/\/www.mycroppingclub.com\/members\/producto\/libro-de-bocetos-ambos\/","og_site_name":"My Cropping Club - Members","article_modified_time":"2025-11-24T14:18:48+00:00","og_image":[{"width":1004,"height":1077,"url":"https:\/\/www.mycroppingclub.com\/members\/wp-content\/uploads\/BocetosAmbosResumen.jpg","type":"image\/jpeg"}],"twitter_card":"summary_large_image","twitter_misc":{"Tiempo de lectura":"2 minutos"},"schema":{"@context":"https:\/\/schema.org","@graph":[{"@type":"WebPage","@id":"https:\/\/www.mycroppingclub.com\/members\/producto\/libro-de-bocetos-ambos\/","url":"https:\/\/www.mycroppingclub.com\/members\/producto\/libro-de-bocetos-ambos\/","name":"Paquete de Libros Digitales - Bocetos de Tarjetas y Scrapbooking con Obsequios - My Cropping Club - Members","isPartOf":{"@id":"https:\/\/www.mycroppingclub.com\/members\/#website"},"primaryImageOfPage":{"@id":"https:\/\/www.mycroppingclub.com\/members\/producto\/libro-de-bocetos-ambos\/#primaryimage"},"image":{"@id":"https:\/\/www.mycroppingclub.com\/members\/producto\/libro-de-bocetos-ambos\/#primaryimage"},"thumbnailUrl":"https:\/\/www.mycroppingclub.com\/members\/wp-content\/uploads\/BocetosAmbosResumen.jpg","datePublished":"2017-07-29T22:53:18+00:00","dateModified":"2025-11-24T14:18:48+00:00","breadcrumb":{"@id":"https:\/\/www.mycroppingclub.com\/members\/producto\/libro-de-bocetos-ambos\/#breadcrumb"},"inLanguage":"es","potentialAction":[{"@type":"ReadAction","target":["https:\/\/www.mycroppingclub.com\/members\/producto\/libro-de-bocetos-ambos\/"]}]},{"@type":"ImageObject","inLanguage":"es","@id":"https:\/\/www.mycroppingclub.com\/members\/producto\/libro-de-bocetos-ambos\/#primaryimage","url":"https:\/\/www.mycroppingclub.com\/members\/wp-content\/uploads\/BocetosAmbosResumen.jpg","contentUrl":"https:\/\/www.mycroppingclub.com\/members\/wp-content\/uploads\/BocetosAmbosResumen.jpg","width":1004,"height":1077},{"@type":"BreadcrumbList","@id":"https:\/\/www.mycroppingclub.com\/members\/producto\/libro-de-bocetos-ambos\/#breadcrumb","itemListElement":[{"@type":"ListItem","position":1,"name":"Portada","item":"https:\/\/www.mycroppingclub.com\/members\/"},{"@type":"ListItem","position":2,"name":"Tienda","item":"https:\/\/www.mycroppingclub.com\/members\/tienda\/"},{"@type":"ListItem","position":3,"name":"Paquete de Libros Digitales &#8211; Bocetos de Tarjetas y Scrapbooking con Obsequios"}]},{"@type":"WebSite","@id":"https:\/\/www.mycroppingclub.com\/members\/#website","url":"https:\/\/www.mycroppingclub.com\/members\/","name":"My Cropping Club - Members","description":"","potentialAction":[{"@type":"SearchAction","target":{"@type":"EntryPoint","urlTemplate":"https:\/\/www.mycroppingclub.com\/members\/?s={search_term_string}"},"query-input":{"@type":"PropertyValueSpecification","valueRequired":true,"valueName":"search_term_string"}}],"inLanguage":"es"}]}},"jetpack_sharing_enabled":false,"_links":{"self":[{"href":"https:\/\/www.mycroppingclub.com\/members\/wp-json\/wp\/v2\/product\/5297","targetHints":{"allow":["GET"]}}],"collection":[{"href":"https:\/\/www.mycroppingclub.com\/members\/wp-json\/wp\/v2\/product"}],"about":[{"href":"https:\/\/www.mycroppingclub.com\/members\/wp-json\/wp\/v2\/types\/product"}],"wp:featuredmedia":[{"embeddable":true,"href":"https:\/\/www.mycroppingclub.com\/members\/wp-json\/wp\/v2\/media\/5654"}],"wp:attachment":[{"href":"https:\/\/www.mycroppingclub.com\/members\/wp-json\/wp\/v2\/media?parent=5297"}],"wp:term":[{"taxonomy":"product_brand","embeddable":true,"href":"https:\/\/www.mycroppingclub.com\/members\/wp-json\/wp\/v2\/product_brand?post=5297"},{"taxonomy":"product_cat","embeddable":true,"href":"https:\/\/www.mycroppingclub.com\/members\/wp-json\/wp\/v2\/product_cat?post=5297"},{"taxonomy":"product_tag","embeddable":true,"href":"https:\/\/www.mycroppingclub.com\/members\/wp-json\/wp\/v2\/product_tag?post=5297"}],"curies":[{"name":"wp","href":"https:\/\/api.w.org\/{rel}","templated":true}]}}