{"id":6398,"date":"2025-08-21T12:47:09","date_gmt":"2025-08-21T16:47:09","guid":{"rendered":"https:\/\/www.mycroppingclub.com\/members\/?post_type=product&#038;p=6398"},"modified":"2025-11-24T09:12:40","modified_gmt":"2025-11-24T14:12:40","slug":"scrapbooking-rentable-de-pasion-a-negocio","status":"publish","type":"product","link":"https:\/\/www.mycroppingclub.com\/members\/producto\/scrapbooking-rentable-de-pasion-a-negocio\/","title":{"rendered":"Curso Online &#8211; Scrapbooking Rentable: De Pasi\u00f3n a Negocio"},"content":{"rendered":"<p><strong>Tu CURSO Online INCLUYE:<\/strong><\/p>\n<ul>\n<li>6 M\u00f3dulos con 30 Video Clases<\/li>\n<li>Libro Digital \u2013 Scrapbooking Rentable: De Pasi\u00f3n a Negocio con mas de 120 p\u00e1ginas<\/li>\n<\/ul>\n<p><strong>Recibes Los Siguientes OBSEQUIOS valorados en US$ 600:<\/strong><\/p>\n<ul>\n<li>Gu\u00eda Visual de Estilos de Scrapbooking<\/li>\n<li>200 Frases para Albumes de Scrapbooking<\/li>\n<li>Calendario Con 90 ideas de Contenido Para Emprendedoras en Scrapbooking<\/li>\n<li>Kit de Publicaci\u00f3nes Para el Lanzamiento de tu Negocio<\/li>\n<li>Lista de Proveedores Mayoristas Con Envio Internacional<\/li>\n<li>Plantilla Para Cotizaciones y Contratos<\/li>\n<li>Plantilla Calculadora de Precios Para Proyectos de Scrapbooking<\/li>\n<li>M\u00e1s de 12 Horas de Clases de Scrapbooking y Tarjeter\u00eda<\/li>\n<\/ul>\n<p><strong>Acceso y Actualizaciones de POR VIDA:<\/strong><\/p>\n<ul>\n<li>Si ACTUALIZAMOS las Clases&#8230;T\u00fa recibes la nueva versi\u00f3n GRATIS!<\/li>\n<li>Si ACTUALIZAMOS los Obsequios&#8230;T\u00fa recibes la nueva versi\u00f3n GRATIS!<\/li>\n<\/ul>\n","protected":false},"excerpt":{"rendered":"<p>Curso online dise\u00f1ado para mujeres creativas como t\u00fa, que sue\u00f1an con transformar su talento en una fuente de ingresos estable y flexible desde casa. <\/p>\n<p>Este curso est\u00e1 pensado para emprendedoras, con lecciones cortas, claras y motivadoras, que te guiar\u00e1n desde tu primer proyecto rentable hasta la construcci\u00f3n de un emprendimiento sostenible en scrapbooking. <\/p>\n<p>\ud83c\udf93 Al finalizar, obtendr\u00e1s la confianza para decir: \u201cYa no es solo un hobby, ahora tengo un negocio rentable de scrapbooking\u201d<\/p>\n<p><strong>Este paquete esta valorado en US$ 897<\/strong>, incluyendo el curso de US$ 297 y obsequios de US$ 600<\/p>\n","protected":false},"featured_media":6622,"template":"","meta":{"_et_pb_use_builder":"","_et_pb_old_content":"","_et_gb_content_width":""},"product_brand":[],"product_cat":[65],"product_tag":[],"class_list":{"0":"post-6398","1":"product","2":"type-product","3":"status-publish","4":"has-post-thumbnail","6":"product_cat-cursos-online","8":"first","9":"instock","10":"sale","11":"virtual","12":"sold-individually","13":"purchasable","14":"product-type-simple"},"yoast_head":"<!-- This site is optimized with the Yoast SEO plugin v27.2 - https:\/\/yoast.com\/product\/yoast-seo-wordpress\/ -->\n<title>Curso Online - Scrapbooking Rentable: De Pasi\u00f3n a Negocio - My Cropping Club - Members<\/title>\n<meta name=\"robots\" content=\"index, follow, max-snippet:-1, max-image-preview:large, max-video-preview:-1\" \/>\n<link rel=\"canonical\" href=\"https:\/\/www.mycroppingclub.com\/members\/producto\/scrapbooking-rentable-de-pasion-a-negocio\/\" \/>\n<meta property=\"og:locale\" content=\"es_ES\" \/>\n<meta property=\"og:type\" content=\"article\" \/>\n<meta property=\"og:title\" content=\"Curso Online - Scrapbooking Rentable: De Pasi\u00f3n a Negocio - My Cropping Club - Members\" \/>\n<meta property=\"og:description\" content=\"Curso online dise\u00f1ado para mujeres creativas como t\u00fa, que sue\u00f1an con transformar su talento en una fuente de ingresos estable y flexible desde casa. Este curso est\u00e1 pensado para emprendedoras, con lecciones cortas, claras y motivadoras, que te guiar\u00e1n desde tu primer proyecto rentable hasta la construcci\u00f3n de un emprendimiento sostenible en scrapbooking. \ud83c\udf93 Al finalizar, obtendr\u00e1s la confianza para decir: \u201cYa no es solo un hobby, ahora tengo un negocio rentable de scrapbooking\u201dEste paquete esta valorado en US$ 897, incluyendo el curso de US$ 297 y obsequios de US$ 600\" \/>\n<meta property=\"og:url\" content=\"https:\/\/www.mycroppingclub.com\/members\/producto\/scrapbooking-rentable-de-pasion-a-negocio\/\" \/>\n<meta property=\"og:site_name\" content=\"My Cropping Club - Members\" \/>\n<meta property=\"article:modified_time\" content=\"2025-11-24T14:12:40+00:00\" \/>\n<meta property=\"og:image\" content=\"https:\/\/www.mycroppingclub.com\/members\/wp-content\/uploads\/30-video-clases.png\" \/>\n\t<meta property=\"og:image:width\" content=\"1080\" \/>\n\t<meta property=\"og:image:height\" content=\"1080\" \/>\n\t<meta property=\"og:image:type\" content=\"image\/png\" \/>\n<meta name=\"twitter:card\" content=\"summary_large_image\" \/>\n<meta name=\"twitter:label1\" content=\"Tiempo de lectura\" \/>\n\t<meta name=\"twitter:data1\" content=\"1 minuto\" \/>\n<script type=\"application\/ld+json\" class=\"yoast-schema-graph\">{\"@context\":\"https:\/\/schema.org\",\"@graph\":[{\"@type\":\"WebPage\",\"@id\":\"https:\/\/www.mycroppingclub.com\/members\/producto\/scrapbooking-rentable-de-pasion-a-negocio\/\",\"url\":\"https:\/\/www.mycroppingclub.com\/members\/producto\/scrapbooking-rentable-de-pasion-a-negocio\/\",\"name\":\"Curso Online - Scrapbooking Rentable: De Pasi\u00f3n a Negocio - My Cropping Club - Members\",\"isPartOf\":{\"@id\":\"https:\/\/www.mycroppingclub.com\/members\/#website\"},\"primaryImageOfPage\":{\"@id\":\"https:\/\/www.mycroppingclub.com\/members\/producto\/scrapbooking-rentable-de-pasion-a-negocio\/#primaryimage\"},\"image\":{\"@id\":\"https:\/\/www.mycroppingclub.com\/members\/producto\/scrapbooking-rentable-de-pasion-a-negocio\/#primaryimage\"},\"thumbnailUrl\":\"https:\/\/www.mycroppingclub.com\/members\/wp-content\/uploads\/30-video-clases.png\",\"datePublished\":\"2025-08-21T16:47:09+00:00\",\"dateModified\":\"2025-11-24T14:12:40+00:00\",\"breadcrumb\":{\"@id\":\"https:\/\/www.mycroppingclub.com\/members\/producto\/scrapbooking-rentable-de-pasion-a-negocio\/#breadcrumb\"},\"inLanguage\":\"es\",\"potentialAction\":[{\"@type\":\"ReadAction\",\"target\":[\"https:\/\/www.mycroppingclub.com\/members\/producto\/scrapbooking-rentable-de-pasion-a-negocio\/\"]}]},{\"@type\":\"ImageObject\",\"inLanguage\":\"es\",\"@id\":\"https:\/\/www.mycroppingclub.com\/members\/producto\/scrapbooking-rentable-de-pasion-a-negocio\/#primaryimage\",\"url\":\"https:\/\/www.mycroppingclub.com\/members\/wp-content\/uploads\/30-video-clases.png\",\"contentUrl\":\"https:\/\/www.mycroppingclub.com\/members\/wp-content\/uploads\/30-video-clases.png\",\"width\":1080,\"height\":1080},{\"@type\":\"BreadcrumbList\",\"@id\":\"https:\/\/www.mycroppingclub.com\/members\/producto\/scrapbooking-rentable-de-pasion-a-negocio\/#breadcrumb\",\"itemListElement\":[{\"@type\":\"ListItem\",\"position\":1,\"name\":\"Portada\",\"item\":\"https:\/\/www.mycroppingclub.com\/members\/\"},{\"@type\":\"ListItem\",\"position\":2,\"name\":\"Tienda\",\"item\":\"https:\/\/www.mycroppingclub.com\/members\/tienda\/\"},{\"@type\":\"ListItem\",\"position\":3,\"name\":\"Curso Online &#8211; Scrapbooking Rentable: De Pasi\u00f3n a Negocio\"}]},{\"@type\":\"WebSite\",\"@id\":\"https:\/\/www.mycroppingclub.com\/members\/#website\",\"url\":\"https:\/\/www.mycroppingclub.com\/members\/\",\"name\":\"My Cropping Club - Members\",\"description\":\"\",\"potentialAction\":[{\"@type\":\"SearchAction\",\"target\":{\"@type\":\"EntryPoint\",\"urlTemplate\":\"https:\/\/www.mycroppingclub.com\/members\/?s={search_term_string}\"},\"query-input\":{\"@type\":\"PropertyValueSpecification\",\"valueRequired\":true,\"valueName\":\"search_term_string\"}}],\"inLanguage\":\"es\"}]}<\/script>\n<!-- \/ Yoast SEO plugin. -->","yoast_head_json":{"title":"Curso Online - Scrapbooking Rentable: De Pasi\u00f3n a Negocio - My Cropping Club - Members","robots":{"index":"index","follow":"follow","max-snippet":"max-snippet:-1","max-image-preview":"max-image-preview:large","max-video-preview":"max-video-preview:-1"},"canonical":"https:\/\/www.mycroppingclub.com\/members\/producto\/scrapbooking-rentable-de-pasion-a-negocio\/","og_locale":"es_ES","og_type":"article","og_title":"Curso Online - Scrapbooking Rentable: De Pasi\u00f3n a Negocio - My Cropping Club - Members","og_description":"Curso online dise\u00f1ado para mujeres creativas como t\u00fa, que sue\u00f1an con transformar su talento en una fuente de ingresos estable y flexible desde casa. Este curso est\u00e1 pensado para emprendedoras, con lecciones cortas, claras y motivadoras, que te guiar\u00e1n desde tu primer proyecto rentable hasta la construcci\u00f3n de un emprendimiento sostenible en scrapbooking. \ud83c\udf93 Al finalizar, obtendr\u00e1s la confianza para decir: \u201cYa no es solo un hobby, ahora tengo un negocio rentable de scrapbooking\u201dEste paquete esta valorado en US$ 897, incluyendo el curso de US$ 297 y obsequios de US$ 600","og_url":"https:\/\/www.mycroppingclub.com\/members\/producto\/scrapbooking-rentable-de-pasion-a-negocio\/","og_site_name":"My Cropping Club - Members","article_modified_time":"2025-11-24T14:12:40+00:00","og_image":[{"width":1080,"height":1080,"url":"https:\/\/www.mycroppingclub.com\/members\/wp-content\/uploads\/30-video-clases.png","type":"image\/png"}],"twitter_card":"summary_large_image","twitter_misc":{"Tiempo de lectura":"1 minuto"},"schema":{"@context":"https:\/\/schema.org","@graph":[{"@type":"WebPage","@id":"https:\/\/www.mycroppingclub.com\/members\/producto\/scrapbooking-rentable-de-pasion-a-negocio\/","url":"https:\/\/www.mycroppingclub.com\/members\/producto\/scrapbooking-rentable-de-pasion-a-negocio\/","name":"Curso Online - Scrapbooking Rentable: De Pasi\u00f3n a Negocio - My Cropping Club - Members","isPartOf":{"@id":"https:\/\/www.mycroppingclub.com\/members\/#website"},"primaryImageOfPage":{"@id":"https:\/\/www.mycroppingclub.com\/members\/producto\/scrapbooking-rentable-de-pasion-a-negocio\/#primaryimage"},"image":{"@id":"https:\/\/www.mycroppingclub.com\/members\/producto\/scrapbooking-rentable-de-pasion-a-negocio\/#primaryimage"},"thumbnailUrl":"https:\/\/www.mycroppingclub.com\/members\/wp-content\/uploads\/30-video-clases.png","datePublished":"2025-08-21T16:47:09+00:00","dateModified":"2025-11-24T14:12:40+00:00","breadcrumb":{"@id":"https:\/\/www.mycroppingclub.com\/members\/producto\/scrapbooking-rentable-de-pasion-a-negocio\/#breadcrumb"},"inLanguage":"es","potentialAction":[{"@type":"ReadAction","target":["https:\/\/www.mycroppingclub.com\/members\/producto\/scrapbooking-rentable-de-pasion-a-negocio\/"]}]},{"@type":"ImageObject","inLanguage":"es","@id":"https:\/\/www.mycroppingclub.com\/members\/producto\/scrapbooking-rentable-de-pasion-a-negocio\/#primaryimage","url":"https:\/\/www.mycroppingclub.com\/members\/wp-content\/uploads\/30-video-clases.png","contentUrl":"https:\/\/www.mycroppingclub.com\/members\/wp-content\/uploads\/30-video-clases.png","width":1080,"height":1080},{"@type":"BreadcrumbList","@id":"https:\/\/www.mycroppingclub.com\/members\/producto\/scrapbooking-rentable-de-pasion-a-negocio\/#breadcrumb","itemListElement":[{"@type":"ListItem","position":1,"name":"Portada","item":"https:\/\/www.mycroppingclub.com\/members\/"},{"@type":"ListItem","position":2,"name":"Tienda","item":"https:\/\/www.mycroppingclub.com\/members\/tienda\/"},{"@type":"ListItem","position":3,"name":"Curso Online &#8211; Scrapbooking Rentable: De Pasi\u00f3n a Negocio"}]},{"@type":"WebSite","@id":"https:\/\/www.mycroppingclub.com\/members\/#website","url":"https:\/\/www.mycroppingclub.com\/members\/","name":"My Cropping Club - Members","description":"","potentialAction":[{"@type":"SearchAction","target":{"@type":"EntryPoint","urlTemplate":"https:\/\/www.mycroppingclub.com\/members\/?s={search_term_string}"},"query-input":{"@type":"PropertyValueSpecification","valueRequired":true,"valueName":"search_term_string"}}],"inLanguage":"es"}]}},"jetpack_sharing_enabled":true,"_links":{"self":[{"href":"https:\/\/www.mycroppingclub.com\/members\/wp-json\/wp\/v2\/product\/6398","targetHints":{"allow":["GET"]}}],"collection":[{"href":"https:\/\/www.mycroppingclub.com\/members\/wp-json\/wp\/v2\/product"}],"about":[{"href":"https:\/\/www.mycroppingclub.com\/members\/wp-json\/wp\/v2\/types\/product"}],"wp:featuredmedia":[{"embeddable":true,"href":"https:\/\/www.mycroppingclub.com\/members\/wp-json\/wp\/v2\/media\/6622"}],"wp:attachment":[{"href":"https:\/\/www.mycroppingclub.com\/members\/wp-json\/wp\/v2\/media?parent=6398"}],"wp:term":[{"taxonomy":"product_brand","embeddable":true,"href":"https:\/\/www.mycroppingclub.com\/members\/wp-json\/wp\/v2\/product_brand?post=6398"},{"taxonomy":"product_cat","embeddable":true,"href":"https:\/\/www.mycroppingclub.com\/members\/wp-json\/wp\/v2\/product_cat?post=6398"},{"taxonomy":"product_tag","embeddable":true,"href":"https:\/\/www.mycroppingclub.com\/members\/wp-json\/wp\/v2\/product_tag?post=6398"}],"curies":[{"name":"wp","href":"https:\/\/api.w.org\/{rel}","templated":true}]}}